{"id":109,"date":"2016-03-22T15:00:40","date_gmt":"2016-03-22T14:00:40","guid":{"rendered":"http:\/\/gsservice.mazarashopping.com\/?page_id=109"},"modified":"2016-03-22T22:00:17","modified_gmt":"2016-03-22T21:00:17","slug":"altri-servizi","status":"publish","type":"page","link":"https:\/\/gsservice.mazarashopping.com\/index.php\/altri-servizi\/","title":{"rendered":"tra i nostri servizi.."},"content":{"rendered":"<p class=\"rvps1\" style=\"text-align: center;\"><strong><span class=\"rvts32\"><i>Rigenerazione cartucce stampanti laser (toner)<\/i><\/span><\/strong><\/p>\n<p style=\"text-align: center;\"><span class=\"rvts24\">Con i migliori materiali, rigeneriamo la tua vecchia cartuccia, dandole pi\u00f9 autonomia rispetto all&#8217;originale. Nelle foto alcuni dei modelli trattati. Rigeneriamo anche i TAMBURI.<\/span><\/p>\n<div align=\"center\">\n<table cellspacing=\"0\" cellpadding=\"0\">\n<tbody>\n<tr valign=\"top\">\n<td><a title=\"1518556_10201327631581401_1323621879_o\" href=\"http:\/\/mazarashopping.com\/mazara\/extimages\/p_1518556_10201327631581401_1323621879_o.jpg\" rel=\"lightbox[LB0]\"><img title=\"1518556_10201327631581401_1323621879_o\" src=\"http:\/\/mazarashopping.com\/mazara\/altri_servizi\/t_1518556_10201327631581401_1323621879_o.jpg\" alt=\"\" \/><\/a><\/td>\n<td><a title=\"1546153_10201327626741280_531722627_n\" href=\"http:\/\/mazarashopping.com\/mazara\/extimages\/p_1546153_10201327626741280_531722627_n.jpg\" rel=\"lightbox[LB0]\"><img title=\"1546153_10201327626741280_531722627_n\" src=\"http:\/\/mazarashopping.com\/mazara\/altri_servizi\/t_1546153_10201327626741280_531722627_n.jpg\" alt=\"\" \/><\/a><\/td>\n<td><a title=\"1546468_10201327616821032_1331194211_n\" href=\"http:\/\/mazarashopping.com\/mazara\/extimages\/p_1546468_10201327616821032_1331194211_n.jpg\" rel=\"lightbox[LB0]\"><img title=\"1546468_10201327616821032_1331194211_n\" src=\"http:\/\/mazarashopping.com\/mazara\/altri_servizi\/t_1546468_10201327616821032_1331194211_n.jpg\" alt=\"\" \/><\/a><\/td>\n<td><a title=\"1604367_10201327629661353_300011559_n\" href=\"http:\/\/mazarashopping.com\/mazara\/extimages\/p_1604367_10201327629661353_300011559_n.jpg\" rel=\"lightbox[LB0]\"><img title=\"1604367_10201327629661353_300011559_n\" src=\"http:\/\/mazarashopping.com\/mazara\/altri_servizi\/t_1604367_10201327629661353_300011559_n.jpg\" alt=\"\" \/><\/a><\/td>\n<\/tr>\n<\/tbody>\n<\/table>\n<\/div>\n<p>&nbsp;<\/p>\n<p class=\"rvps1\" style=\"text-align: center;\"><strong><span class=\"rvts32\"><i>VideoSorveglianza<\/i><\/span><\/strong><\/p>\n<p style=\"text-align: center;\"><span class=\"rvts24\">Grazie alle ultime tecnologie adottate in questo campo, siamo in grado di realizzare impianti di videosorveglianza, molto affidabili.<\/span><\/p>\n<p style=\"text-align: center;\"><span class=\"rvts24\">Siamo in grado di offrire telecamere senza fili o cablate, a seconda delle esigenze, che registrano anche sulla loro Scheda SD senza bisogno di avere un registratore o altre apparecchiature costose.<\/span><\/p>\n<p style=\"text-align: center;\"><span class=\"rvts24\">Tutto ci\u00f2 \u00e8 gestibile semplicemente da Smartphone, oltre che dal pc, in estrema facilit\u00e0 e velocit\u00e0 di installazione.<\/span><\/p>\n<p style=\"text-align: center;\"><span class=\"rvts24\">Le nostre telecamere sono da interno, esterno, con o senza motore, e lavorano anche senza luce grazie ai sensori infrarossi.<\/span><\/p>\n<p><img title=\"\" src=\"http:\/\/mazarashopping.com\/mazara\/altri_servizi\/IP-camera-iphone-app-monitoring-construction-site-landscape.jpg\" alt=\"\" \/><\/p>\n<p>&nbsp;<\/p>\n<p class=\"rvps1\" style=\"text-align: center;\"><strong><span class=\"rvts32\"><i>Riparazione Iphone Bloccati, Vetro rotto, Modifiche in Generale<\/i><\/span><\/strong><\/p>\n<p style=\"text-align: center;\"><span class=\"rvts24\">Grazie all&#8217;adozione di speciali strumenti, siamo in grado di riparare il tuo Iphone (o smartphone) in qualsiasi sua parte, a cominciare dal vetro anteriore e posteriore, alla batteria, e ovviare alla maggior parte dei problemi software che possa presentare.<\/span><\/p>\n<p><span class=\"rvts24\">Inoltre possiamo effettuare lo sblocco degli iphone stranieri, <em>qualora se ne dimostri l&#8217;effettiva e la lecita propriet\u00e0.<\/em><\/span><\/p>\n<p><img title=\"IMG_1291\" src=\"http:\/\/mazarashopping.com\/mazara\/altri_servizi\/IMG_1291.jpg\" alt=\"\" \/><img title=\"IMG_1290\" src=\"http:\/\/mazarashopping.com\/mazara\/altri_servizi\/IMG_12901.jpg\" alt=\"\" \/><img title=\"IMG_1280\" src=\"http:\/\/mazarashopping.com\/mazara\/altri_servizi\/IMG_1280.jpg\" alt=\"\" \/><img title=\"IMG_1279\" src=\"http:\/\/mazarashopping.com\/mazara\/altri_servizi\/IMG_1279.jpg\" alt=\"\" \/><img title=\"IMG_1278\" src=\"http:\/\/mazarashopping.com\/mazara\/altri_servizi\/IMG_1278.jpg\" alt=\"\" \/><img title=\"ddd\" src=\"http:\/\/mazarashopping.com\/mazara\/altri_servizi\/ddd_1.jpg\" alt=\"\" \/><img title=\"dddd\" src=\"http:\/\/mazarashopping.com\/mazara\/altri_servizi\/dddd_1.jpg\" alt=\"\" \/><img title=\"dsddsdd\" src=\"http:\/\/mazarashopping.com\/mazara\/altri_servizi\/dsddsdd_1.jpg\" alt=\"\" \/><img title=\"dsddsddsd\" src=\"http:\/\/mazarashopping.com\/mazara\/altri_servizi\/dsddsddsd_1.jpg\" alt=\"\" \/><img title=\"eeee\" src=\"http:\/\/mazarashopping.com\/mazara\/altri_servizi\/eeee_1.jpg\" alt=\"\" \/><img title=\"image\" src=\"http:\/\/mazarashopping.com\/mazara\/altri_servizi\/image_1.jpg\" alt=\"\" \/><img title=\"sdsds\" src=\"http:\/\/mazarashopping.com\/mazara\/altri_servizi\/sdsds_1.jpg\" alt=\"\" \/><img title=\"sdsewwwewe\" src=\"http:\/\/mazarashopping.com\/mazara\/altri_servizi\/sdsewwwewe_1.jpg\" alt=\"\" \/><img title=\"sdsffddf\" src=\"http:\/\/mazarashopping.com\/mazara\/altri_servizi\/sdsffddf_1.jpg\" alt=\"\" \/><img title=\"sdssfsf\" src=\"http:\/\/mazarashopping.com\/mazara\/altri_servizi\/sdssfsf_1.jpg\" alt=\"\" \/><img title=\"sss\" src=\"http:\/\/mazarashopping.com\/mazara\/altri_servizi\/sss_1.jpg\" alt=\"\" \/><\/p>\n<p>&nbsp;<\/p>\n<p class=\"rvps1\" style=\"text-align: center;\"><strong><span class=\"rvts32\"><i>Realizzazione di Impianti wifi per Hotel, Bar, Ristoranti e qualsiasi attivit\u00e0 Pubblica.<\/i><\/span><\/strong><\/p>\n<p style=\"text-align: center;\"><span class=\"rvts16\">Con la nuova normativa sulle connessioni internet, puoi offrire a tutti i tuoi clienti la tua connessione wifi in maniera semplice e veloce.<\/span><\/p>\n<p style=\"text-align: center;\"><span class=\"rvts16\">Con i nostri access point, garantisci sia la tua sicurezza che quella degli utenti.<\/span><\/p>\n<p style=\"text-align: center;\"><span class=\"rvts16\">Cosa che non avviene dando semplicemente la vostra password wifi al cliente, o peggio ancora, lasciandolo senza chiave di protezione.<\/span><\/p>\n<p style=\"text-align: center;\">I nostri router infatti, creano una rete wifi aperta o chiusa che sia, lasciando inalterata la tua rete privata, offrendo ai clienti solo ed esclusivamente la connessione internet, che potrai offrire per intero o limitandone la banda (velocit\u00e0)<\/p>\n<p><img class=\"aligncenter\" title=\"wifi\" src=\"http:\/\/mazarashopping.com\/mazara\/altri_servizi\/wifi.jpg\" alt=\"\" \/><\/p>\n<p>&nbsp;<\/p>\n<p class=\"rvps1\" style=\"text-align: center;\"><strong><span class=\"rvts32\"><i>Realizzazione di impianti wifi ed amplificazione del segnale<\/i><\/span><\/strong><\/p>\n<p class=\"rvps1\" style=\"text-align: center;\"><span class=\"rvts16\">Se abiti vicino al tuo negozio, oppure vuoi estendere\u00a0la tua connessione in tutta l&#8217;abitazione o condominio che sia, possiamo installare uno o pi\u00f9 access point con funzione &#8220;ripetitore&#8221;. Con questi access point puoi portare internet in tutte le zone pi\u00f9 remote della casa, (o nel giardino) o collegare per esempio una play station, una vecchia xbox o una tv che non \u00e8 dotata di wifi.<\/span><\/p>\n<p><span class=\"rvts16\">I nostri access point infatti, oltre a ripetere ed estendere la copertura wi-fi, permettono di trasformare il segnale senza fili\u00a0in segnale cablato, e quindi puoi connettere pi\u00f9 dispositivi con il classico cavetto di rete.<\/span><\/p>\n<p><img class=\"aligncenter\" title=\"repeater\" src=\"http:\/\/mazarashopping.com\/mazara\/altri_servizi\/repeater.jpg\" alt=\"\" \/><\/p>\n<p>&nbsp;<\/p>\n<p class=\"rvps1\" style=\"text-align: center;\"><strong><span class=\"rvts32\"><i>Offerta Internet<\/i><\/span><\/strong><\/p>\n<p style=\"text-align: center;\"><span class=\"rvts16\">Se vuoi installare internet a casa o in villeggiatura, puoi contare su di noi per trovare l&#8217;offerta pi\u00f9 adatta alle tue esigenze, siamo in contatto costantemente con gli operatori del settore ed aggiornati in tempo reale sulle migliori offerte di Connessione adsl, hsdpa, wifi, wimax ecc.<\/span><\/p>\n<p style=\"text-align: center;\"><strong><em>a partire da 15 euro mensili!<\/em><\/strong><\/p>\n<p class=\"rvps1\"><span class=\"rvts16\">Puoi contattarci per conoscere qual&#8217;\u00e8 l&#8217;offerta pi\u00f9 adatta alle tue esigenze e decidere in base all&#8217;utilizzo che ne devi fare la velocit\u00e0, l&#8217;uso o no di telefonate e fax.<\/span><\/p>\n<p><span class=\"rvts16\">Gli abbonamenti pi\u00f9 economici partono da 15 euro mensili, senza obbligo di contratto e durata, ed offrono l&#8217;adsl a 10 mega 24\/24 senza limiti di giga.<\/span><\/p>\n<p><img class=\"aligncenter\" title=\"collegamento_internet_vacanza\" src=\"http:\/\/mazarashopping.com\/mazara\/altri_servizi\/collegamento_internet_vacanza.jpg\" alt=\"\" \/><\/p>\n<p>&nbsp;<\/p>\n<p class=\"rvps1\" style=\"text-align: center;\"><strong><span class=\"rvts32\"><i>Recupero dati da supporti guasti<\/i><\/span><\/strong><\/p>\n<p style=\"text-align: center;\"><span class=\"rvts16\">recuperiamo da chiavette o hdd usb danneggiati i tui dati pi\u00f9 importanti<\/span><\/p>\n<p><img class=\"aligncenter\" title=\"disco_guasto\" src=\"http:\/\/mazarashopping.com\/mazara\/altri_servizi\/disco_guasto.jpg\" alt=\"\" \/><\/p>\n<p>&nbsp;<\/p>\n","protected":false},"excerpt":{"rendered":"<p>Rigenerazione cartucce stampanti laser (toner) Con i migliori materiali, rigeneriamo la tua vecchia cartuccia, dandole pi\u00f9 autonomia rispetto all&#8217;originale. Nelle foto alcuni dei modelli trattati. Rigeneriamo anche i TAMBURI. &nbsp; VideoSorveglianza Grazie alle ultime tecnologie adottate in questo campo, siamo in grado di realizzare impianti di videosorveglianza, molto affidabili. Siamo in grado di offrire telecamere <a href=\"https:\/\/gsservice.mazarashopping.com\/index.php\/altri-servizi\/\" rel=\"nofollow\"><span class=\"sr-only\">Leggi di pi\u00f9tra i nostri servizi..<\/span>[&hellip;]<\/a><\/p>\n","protected":false},"author":1,"featured_media":0,"parent":0,"menu_order":0,"comment_status":"closed","ping_status":"closed","template":"","meta":[],"yoast_head":"<!-- This site is optimized with the Yoast SEO plugin v20.6 - https:\/\/yoast.com\/wordpress\/plugins\/seo\/ -->\r\n<title>tra i nostri servizi.. - GS Service di Gargano Salvatore<\/title>\r\n<meta name=\"robots\" content=\"index, follow, max-snippet:-1, max-image-preview:large, max-video-preview:-1\" \/>\r\n<link rel=\"canonical\" href=\"https:\/\/gsservice.mazarashopping.com\/index.php\/altri-servizi\/\" \/>\r\n<meta property=\"og:locale\" content=\"it_IT\" \/>\r\n<meta property=\"og:type\" content=\"article\" \/>\r\n<meta property=\"og:title\" content=\"tra i nostri servizi.. - GS Service di Gargano Salvatore\" \/>\r\n<meta property=\"og:description\" content=\"Rigenerazione cartucce stampanti laser (toner) Con i migliori materiali, rigeneriamo la tua vecchia cartuccia, dandole pi\u00f9 autonomia rispetto all&#8217;originale. Nelle foto alcuni dei modelli trattati. Rigeneriamo anche i TAMBURI. &nbsp; VideoSorveglianza Grazie alle ultime tecnologie adottate in questo campo, siamo in grado di realizzare impianti di videosorveglianza, molto affidabili. Siamo in grado di offrire telecamere Leggi di pi\u00f9tra i nostri servizi..[&hellip;]\" \/>\r\n<meta property=\"og:url\" content=\"https:\/\/gsservice.mazarashopping.com\/index.php\/altri-servizi\/\" \/>\r\n<meta property=\"og:site_name\" content=\"GS Service di Gargano Salvatore\" \/>\r\n<meta property=\"article:publisher\" content=\"https:\/\/m.facebook.com\/gsservicegargano\" \/>\r\n<meta property=\"article:modified_time\" content=\"2016-03-22T21:00:17+00:00\" \/>\r\n<meta property=\"og:image\" content=\"http:\/\/mazarashopping.com\/mazara\/altri_servizi\/t_1518556_10201327631581401_1323621879_o.jpg\" \/>\r\n<meta name=\"twitter:card\" content=\"summary_large_image\" \/>\r\n<meta name=\"twitter:label1\" content=\"Tempo di lettura stimato\" \/>\n\t<meta name=\"twitter:data1\" content=\"3 minuti\" \/>\r\n<script type=\"application\/ld+json\" class=\"yoast-schema-graph\">{\"@context\":\"https:\/\/schema.org\",\"@graph\":[{\"@type\":\"WebPage\",\"@id\":\"https:\/\/gsservice.mazarashopping.com\/index.php\/altri-servizi\/\",\"url\":\"https:\/\/gsservice.mazarashopping.com\/index.php\/altri-servizi\/\",\"name\":\"tra i nostri servizi.. - GS Service di Gargano Salvatore\",\"isPartOf\":{\"@id\":\"https:\/\/gsservice.mazarashopping.com\/#website\"},\"datePublished\":\"2016-03-22T14:00:40+00:00\",\"dateModified\":\"2016-03-22T21:00:17+00:00\",\"breadcrumb\":{\"@id\":\"https:\/\/gsservice.mazarashopping.com\/index.php\/altri-servizi\/#breadcrumb\"},\"inLanguage\":\"it-IT\",\"potentialAction\":[{\"@type\":\"ReadAction\",\"target\":[\"https:\/\/gsservice.mazarashopping.com\/index.php\/altri-servizi\/\"]}]},{\"@type\":\"BreadcrumbList\",\"@id\":\"https:\/\/gsservice.mazarashopping.com\/index.php\/altri-servizi\/#breadcrumb\",\"itemListElement\":[{\"@type\":\"ListItem\",\"position\":1,\"name\":\"Home\",\"item\":\"https:\/\/gsservice.mazarashopping.com\/\"},{\"@type\":\"ListItem\",\"position\":2,\"name\":\"tra i nostri servizi..\"}]},{\"@type\":\"WebSite\",\"@id\":\"https:\/\/gsservice.mazarashopping.com\/#website\",\"url\":\"https:\/\/gsservice.mazarashopping.com\/\",\"name\":\"GS Service di Gargano Salvatore\",\"description\":\"macchine e mobili per ufficio\",\"publisher\":{\"@id\":\"https:\/\/gsservice.mazarashopping.com\/#organization\"},\"potentialAction\":[{\"@type\":\"SearchAction\",\"target\":{\"@type\":\"EntryPoint\",\"urlTemplate\":\"https:\/\/gsservice.mazarashopping.com\/?s={search_term_string}\"},\"query-input\":\"required name=search_term_string\"}],\"inLanguage\":\"it-IT\"},{\"@type\":\"Organization\",\"@id\":\"https:\/\/gsservice.mazarashopping.com\/#organization\",\"name\":\"GS Service\",\"url\":\"https:\/\/gsservice.mazarashopping.com\/\",\"logo\":{\"@type\":\"ImageObject\",\"inLanguage\":\"it-IT\",\"@id\":\"https:\/\/gsservice.mazarashopping.com\/#\/schema\/logo\/image\/\",\"url\":\"http:\/\/gsservice.mazarashopping.com\/wp-content\/uploads\/2016\/03\/logopng2.png\",\"contentUrl\":\"http:\/\/gsservice.mazarashopping.com\/wp-content\/uploads\/2016\/03\/logopng2.png\",\"width\":300,\"height\":224,\"caption\":\"GS Service\"},\"image\":{\"@id\":\"https:\/\/gsservice.mazarashopping.com\/#\/schema\/logo\/image\/\"},\"sameAs\":[\"https:\/\/m.facebook.com\/gsservicegargano\",\"https:\/\/www.instagram.com\/gsservicemazara\/\"]}]}<\/script>\r\n<!-- \/ Yoast SEO plugin. -->","yoast_head_json":{"title":"tra i nostri servizi.. - GS Service di Gargano Salvatore","robots":{"index":"index","follow":"follow","max-snippet":"max-snippet:-1","max-image-preview":"max-image-preview:large","max-video-preview":"max-video-preview:-1"},"canonical":"https:\/\/gsservice.mazarashopping.com\/index.php\/altri-servizi\/","og_locale":"it_IT","og_type":"article","og_title":"tra i nostri servizi.. - GS Service di Gargano Salvatore","og_description":"Rigenerazione cartucce stampanti laser (toner) Con i migliori materiali, rigeneriamo la tua vecchia cartuccia, dandole pi\u00f9 autonomia rispetto all&#8217;originale. Nelle foto alcuni dei modelli trattati. Rigeneriamo anche i TAMBURI. &nbsp; VideoSorveglianza Grazie alle ultime tecnologie adottate in questo campo, siamo in grado di realizzare impianti di videosorveglianza, molto affidabili. Siamo in grado di offrire telecamere Leggi di pi\u00f9tra i nostri servizi..[&hellip;]","og_url":"https:\/\/gsservice.mazarashopping.com\/index.php\/altri-servizi\/","og_site_name":"GS Service di Gargano Salvatore","article_publisher":"https:\/\/m.facebook.com\/gsservicegargano","article_modified_time":"2016-03-22T21:00:17+00:00","og_image":[{"url":"http:\/\/mazarashopping.com\/mazara\/altri_servizi\/t_1518556_10201327631581401_1323621879_o.jpg"}],"twitter_card":"summary_large_image","twitter_misc":{"Tempo di lettura stimato":"3 minuti"},"schema":{"@context":"https:\/\/schema.org","@graph":[{"@type":"WebPage","@id":"https:\/\/gsservice.mazarashopping.com\/index.php\/altri-servizi\/","url":"https:\/\/gsservice.mazarashopping.com\/index.php\/altri-servizi\/","name":"tra i nostri servizi.. - GS Service di Gargano Salvatore","isPartOf":{"@id":"https:\/\/gsservice.mazarashopping.com\/#website"},"datePublished":"2016-03-22T14:00:40+00:00","dateModified":"2016-03-22T21:00:17+00:00","breadcrumb":{"@id":"https:\/\/gsservice.mazarashopping.com\/index.php\/altri-servizi\/#breadcrumb"},"inLanguage":"it-IT","potentialAction":[{"@type":"ReadAction","target":["https:\/\/gsservice.mazarashopping.com\/index.php\/altri-servizi\/"]}]},{"@type":"BreadcrumbList","@id":"https:\/\/gsservice.mazarashopping.com\/index.php\/altri-servizi\/#breadcrumb","itemListElement":[{"@type":"ListItem","position":1,"name":"Home","item":"https:\/\/gsservice.mazarashopping.com\/"},{"@type":"ListItem","position":2,"name":"tra i nostri servizi.."}]},{"@type":"WebSite","@id":"https:\/\/gsservice.mazarashopping.com\/#website","url":"https:\/\/gsservice.mazarashopping.com\/","name":"GS Service di Gargano Salvatore","description":"macchine e mobili per ufficio","publisher":{"@id":"https:\/\/gsservice.mazarashopping.com\/#organization"},"potentialAction":[{"@type":"SearchAction","target":{"@type":"EntryPoint","urlTemplate":"https:\/\/gsservice.mazarashopping.com\/?s={search_term_string}"},"query-input":"required name=search_term_string"}],"inLanguage":"it-IT"},{"@type":"Organization","@id":"https:\/\/gsservice.mazarashopping.com\/#organization","name":"GS Service","url":"https:\/\/gsservice.mazarashopping.com\/","logo":{"@type":"ImageObject","inLanguage":"it-IT","@id":"https:\/\/gsservice.mazarashopping.com\/#\/schema\/logo\/image\/","url":"http:\/\/gsservice.mazarashopping.com\/wp-content\/uploads\/2016\/03\/logopng2.png","contentUrl":"http:\/\/gsservice.mazarashopping.com\/wp-content\/uploads\/2016\/03\/logopng2.png","width":300,"height":224,"caption":"GS Service"},"image":{"@id":"https:\/\/gsservice.mazarashopping.com\/#\/schema\/logo\/image\/"},"sameAs":["https:\/\/m.facebook.com\/gsservicegargano","https:\/\/www.instagram.com\/gsservicemazara\/"]}]}},"_links":{"self":[{"href":"https:\/\/gsservice.mazarashopping.com\/index.php\/wp-json\/wp\/v2\/pages\/109"}],"collection":[{"href":"https:\/\/gsservice.mazarashopping.com\/index.php\/wp-json\/wp\/v2\/pages"}],"about":[{"href":"https:\/\/gsservice.mazarashopping.com\/index.php\/wp-json\/wp\/v2\/types\/page"}],"author":[{"embeddable":true,"href":"https:\/\/gsservice.mazarashopping.com\/index.php\/wp-json\/wp\/v2\/users\/1"}],"replies":[{"embeddable":true,"href":"https:\/\/gsservice.mazarashopping.com\/index.php\/wp-json\/wp\/v2\/comments?post=109"}],"version-history":[{"count":4,"href":"https:\/\/gsservice.mazarashopping.com\/index.php\/wp-json\/wp\/v2\/pages\/109\/revisions"}],"predecessor-version":[{"id":161,"href":"https:\/\/gsservice.mazarashopping.com\/index.php\/wp-json\/wp\/v2\/pages\/109\/revisions\/161"}],"wp:attachment":[{"href":"https:\/\/gsservice.mazarashopping.com\/index.php\/wp-json\/wp\/v2\/media?parent=109"}],"curies":[{"name":"wp","href":"https:\/\/api.w.org\/{rel}","templated":true}]}}